{"id":286,"date":"2012-06-06T19:21:03","date_gmt":"2012-06-06T19:21:03","guid":{"rendered":"http:\/\/aliquando.id-3.net\/?page_id=286"},"modified":"2012-07-16T15:24:23","modified_gmt":"2012-07-16T19:24:23","slug":"formulaire-dinteret","status":"publish","type":"page","link":"https:\/\/messiermarte.com\/en\/formulaire-dinteret\/","title":{"rendered":"Interest form"},"content":{"rendered":"<p><br \/>\n<\/p>","protected":false},"excerpt":{"rendered":"","protected":false},"author":1,"featured_media":0,"parent":0,"menu_order":0,"comment_status":"open","ping_status":"open","template":"pop_formulaire_interet.php","meta":{"_acf_changed":false,"footnotes":""},"class_list":["post-286","page","type-page","status-publish","hentry"],"acf":[],"yoast_head":"<!-- This site is optimized with the Yoast SEO plugin v26.7 - https:\/\/yoast.com\/wordpress\/plugins\/seo\/ -->\n<title>Formulaire d&#039;int\u00e9r\u00eatInterest form - \u00c9quipe Messier Marte - Re\/Max<\/title>\n<meta name=\"robots\" content=\"index, follow, max-snippet:-1, max-image-preview:large, max-video-preview:-1\" \/>\n<link rel=\"canonical\" href=\"https:\/\/messiermarte.com\/en\/formulaire-dinteret\/\" \/>\n<meta property=\"og:locale\" content=\"en_US\" \/>\n<meta property=\"og:type\" content=\"article\" \/>\n<meta property=\"og:title\" content=\"Formulaire d&#039;int\u00e9r\u00eatInterest form - \u00c9quipe Messier Marte - Re\/Max\" \/>\n<meta property=\"og:url\" content=\"https:\/\/messiermarte.com\/en\/formulaire-dinteret\/\" \/>\n<meta property=\"og:site_name\" content=\"\u00c9quipe Messier Marte - Re\/Max\" \/>\n<meta property=\"article:publisher\" content=\"https:\/\/www.facebook.com\/Johnny-Marte-Courtier-Immobilier-153952591342984\/\" \/>\n<meta property=\"article:modified_time\" content=\"2012-07-16T19:24:23+00:00\" \/>\n<meta property=\"og:image\" content=\"https:\/\/messiermarte.com\/files\/2026\/02\/Header_Facebook_Remax2026.png\" \/>\n<meta name=\"twitter:card\" content=\"summary_large_image\" \/>\n<meta name=\"twitter:image\" content=\"https:\/\/messiermarte.com\/files\/2026\/02\/Header_Facebook_Remax2026.png\" \/>\n<script type=\"application\/ld+json\" class=\"yoast-schema-graph\">{\"@context\":\"https:\/\/schema.org\",\"@graph\":[{\"@type\":\"WebPage\",\"@id\":\"https:\/\/messiermarte.com\/en\/formulaire-dinteret\/\",\"url\":\"https:\/\/messiermarte.com\/en\/formulaire-dinteret\/\",\"name\":\"Formulaire d'int\u00e9r\u00eatInterest form - \u00c9quipe Messier Marte - Re\/Max\",\"isPartOf\":{\"@id\":\"https:\/\/messiermarte.com\/en\/#website\"},\"datePublished\":\"2012-06-06T19:21:03+00:00\",\"dateModified\":\"2012-07-16T19:24:23+00:00\",\"breadcrumb\":{\"@id\":\"https:\/\/messiermarte.com\/en\/formulaire-dinteret\/#breadcrumb\"},\"inLanguage\":\"en-US\",\"potentialAction\":[{\"@type\":\"ReadAction\",\"target\":[\"https:\/\/messiermarte.com\/en\/formulaire-dinteret\/\"]}]},{\"@type\":\"BreadcrumbList\",\"@id\":\"https:\/\/messiermarte.com\/en\/formulaire-dinteret\/#breadcrumb\",\"itemListElement\":[{\"@type\":\"ListItem\",\"position\":1,\"name\":\"Accueil\",\"item\":\"https:\/\/messiermarte.com\/en\/\"},{\"@type\":\"ListItem\",\"position\":2,\"name\":\"Interest form\"}]},{\"@type\":\"WebSite\",\"@id\":\"https:\/\/messiermarte.com\/en\/#website\",\"url\":\"https:\/\/messiermarte.com\/en\/\",\"name\":\"\u00c9quipe Messier Marte - Re\/Max\",\"description\":\"Real Estate Brokers\",\"publisher\":{\"@id\":\"https:\/\/messiermarte.com\/en\/#organization\"},\"potentialAction\":[{\"@type\":\"SearchAction\",\"target\":{\"@type\":\"EntryPoint\",\"urlTemplate\":\"https:\/\/messiermarte.com\/en\/?s={search_term_string}\"},\"query-input\":{\"@type\":\"PropertyValueSpecification\",\"valueRequired\":true,\"valueName\":\"search_term_string\"}}],\"inLanguage\":\"en-US\"},{\"@type\":\"Organization\",\"@id\":\"https:\/\/messiermarte.com\/en\/#organization\",\"name\":\"\u00c9quipe Messier Marte - Re\/Max\",\"url\":\"https:\/\/messiermarte.com\/en\/\",\"logo\":{\"@type\":\"ImageObject\",\"inLanguage\":\"en-US\",\"@id\":\"https:\/\/messiermarte.com\/en\/#\/schema\/logo\/image\/\",\"url\":\"https:\/\/messiermarte.com\/files\/2022\/10\/Header_Facebook_Remax.png\",\"contentUrl\":\"https:\/\/messiermarte.com\/files\/2022\/10\/Header_Facebook_Remax.png\",\"width\":1640,\"height\":624,\"caption\":\"\u00c9quipe Messier Marte - Re\/Max\"},\"image\":{\"@id\":\"https:\/\/messiermarte.com\/en\/#\/schema\/logo\/image\/\"},\"sameAs\":[\"https:\/\/www.facebook.com\/Johnny-Marte-Courtier-Immobilier-153952591342984\/\",\"https:\/\/www.youtube.com\/channel\/UCofMVE9VFQjZKMaBfHlT9OA\"]}]}<\/script>\n<!-- \/ Yoast SEO plugin. -->","yoast_head_json":{"title":"Formulaire d'int\u00e9r\u00eatInterest form - \u00c9quipe Messier Marte - Re\/Max","robots":{"index":"index","follow":"follow","max-snippet":"max-snippet:-1","max-image-preview":"max-image-preview:large","max-video-preview":"max-video-preview:-1"},"canonical":"https:\/\/messiermarte.com\/en\/formulaire-dinteret\/","og_locale":"en_US","og_type":"article","og_title":"Formulaire d'int\u00e9r\u00eatInterest form - \u00c9quipe Messier Marte - Re\/Max","og_url":"https:\/\/messiermarte.com\/en\/formulaire-dinteret\/","og_site_name":"\u00c9quipe Messier Marte - Re\/Max","article_publisher":"https:\/\/www.facebook.com\/Johnny-Marte-Courtier-Immobilier-153952591342984\/","article_modified_time":"2012-07-16T19:24:23+00:00","og_image":[{"url":"https:\/\/messiermarte.com\/files\/2026\/02\/Header_Facebook_Remax2026.png","type":"","width":"","height":""}],"twitter_card":"summary_large_image","twitter_image":"https:\/\/messiermarte.com\/files\/2026\/02\/Header_Facebook_Remax2026.png","schema":{"@context":"https:\/\/schema.org","@graph":[{"@type":"WebPage","@id":"https:\/\/messiermarte.com\/en\/formulaire-dinteret\/","url":"https:\/\/messiermarte.com\/en\/formulaire-dinteret\/","name":"Formulaire d'int\u00e9r\u00eatInterest form - \u00c9quipe Messier Marte - Re\/Max","isPartOf":{"@id":"https:\/\/messiermarte.com\/en\/#website"},"datePublished":"2012-06-06T19:21:03+00:00","dateModified":"2012-07-16T19:24:23+00:00","breadcrumb":{"@id":"https:\/\/messiermarte.com\/en\/formulaire-dinteret\/#breadcrumb"},"inLanguage":"en-US","potentialAction":[{"@type":"ReadAction","target":["https:\/\/messiermarte.com\/en\/formulaire-dinteret\/"]}]},{"@type":"BreadcrumbList","@id":"https:\/\/messiermarte.com\/en\/formulaire-dinteret\/#breadcrumb","itemListElement":[{"@type":"ListItem","position":1,"name":"Accueil","item":"https:\/\/messiermarte.com\/en\/"},{"@type":"ListItem","position":2,"name":"Interest form"}]},{"@type":"WebSite","@id":"https:\/\/messiermarte.com\/en\/#website","url":"https:\/\/messiermarte.com\/en\/","name":"\u00c9quipe Messier Marte - Re\/Max","description":"Real Estate Brokers","publisher":{"@id":"https:\/\/messiermarte.com\/en\/#organization"},"potentialAction":[{"@type":"SearchAction","target":{"@type":"EntryPoint","urlTemplate":"https:\/\/messiermarte.com\/en\/?s={search_term_string}"},"query-input":{"@type":"PropertyValueSpecification","valueRequired":true,"valueName":"search_term_string"}}],"inLanguage":"en-US"},{"@type":"Organization","@id":"https:\/\/messiermarte.com\/en\/#organization","name":"\u00c9quipe Messier Marte - Re\/Max","url":"https:\/\/messiermarte.com\/en\/","logo":{"@type":"ImageObject","inLanguage":"en-US","@id":"https:\/\/messiermarte.com\/en\/#\/schema\/logo\/image\/","url":"https:\/\/messiermarte.com\/files\/2022\/10\/Header_Facebook_Remax.png","contentUrl":"https:\/\/messiermarte.com\/files\/2022\/10\/Header_Facebook_Remax.png","width":1640,"height":624,"caption":"\u00c9quipe Messier Marte - Re\/Max"},"image":{"@id":"https:\/\/messiermarte.com\/en\/#\/schema\/logo\/image\/"},"sameAs":["https:\/\/www.facebook.com\/Johnny-Marte-Courtier-Immobilier-153952591342984\/","https:\/\/www.youtube.com\/channel\/UCofMVE9VFQjZKMaBfHlT9OA"]}]}},"_links":{"self":[{"href":"https:\/\/messiermarte.com\/en\/wp-json\/wp\/v2\/pages\/286","targetHints":{"allow":["GET"]}}],"collection":[{"href":"https:\/\/messiermarte.com\/en\/wp-json\/wp\/v2\/pages"}],"about":[{"href":"https:\/\/messiermarte.com\/en\/wp-json\/wp\/v2\/types\/page"}],"author":[{"embeddable":true,"href":"https:\/\/messiermarte.com\/en\/wp-json\/wp\/v2\/users\/1"}],"replies":[{"embeddable":true,"href":"https:\/\/messiermarte.com\/en\/wp-json\/wp\/v2\/comments?post=286"}],"version-history":[{"count":5,"href":"https:\/\/messiermarte.com\/en\/wp-json\/wp\/v2\/pages\/286\/revisions"}],"predecessor-version":[{"id":327,"href":"https:\/\/messiermarte.com\/en\/wp-json\/wp\/v2\/pages\/286\/revisions\/327"}],"wp:attachment":[{"href":"https:\/\/messiermarte.com\/en\/wp-json\/wp\/v2\/media?parent=286"}],"curies":[{"name":"wp","href":"https:\/\/api.w.org\/{rel}","templated":true}]}}